{"id":1288,"date":"2025-02-12T19:18:04","date_gmt":"2025-02-12T18:18:04","guid":{"rendered":"https:\/\/staging.mogensen.com\/?page_id=1288"},"modified":"2025-03-03T12:52:49","modified_gmt":"2025-03-03T11:52:49","slug":"datenschutz","status":"publish","type":"page","link":"https:\/\/www.mogensen.com\/de\/datenschutz\/","title":{"rendered":"Datenschutz"},"content":{"rendered":"\t\t<div data-elementor-type=\"wp-page\" data-elementor-id=\"1288\" class=\"elementor elementor-1288\" data-elementor-post-type=\"page\">\n\t\t\t\t<div class=\"elementor-element elementor-element-72eb037 e-flex e-con-boxed e-con e-parent\" data-id=\"72eb037\" data-element_type=\"container\" data-e-type=\"container\">\n\t\t\t\t\t<div class=\"e-con-inner\">\n\t\t\t\t<div class=\"elementor-element elementor-element-f17370d elementor-widget elementor-widget-heading\" data-id=\"f17370d\" data-element_type=\"widget\" data-e-type=\"widget\" data-widget_type=\"heading.default\">\n\t\t\t\t<div class=\"elementor-widget-container\">\n\t\t\t\t\t<h1 class=\"elementor-heading-title elementor-size-default\">Datenschutz<\/h1>\t\t\t\t<\/div>\n\t\t\t\t<\/div>\n\t\t\t\t<div class=\"elementor-element elementor-element-7b97fd3 elementor-widget elementor-widget-html\" data-id=\"7b97fd3\" data-element_type=\"widget\" data-e-type=\"widget\" data-widget_type=\"html.default\">\n\t\t\t\t<div class=\"elementor-widget-container\">\n\t\t\t\t\t<script src=\"https:\/\/privacy.cortina-consult.com\/privacy?id=mDUJQxePtLKt54VaK3QJ&lang=de&script=true\" type=\"text\/javascript\"><\/script><noscript> <div class=\"brlbs-cmpnt-container brlbs-cmpnt-content-blocker brlbs-cmpnt-with-individual-styles\" data-borlabs-cookie-content-blocker-id=\"default\" data-borlabs-cookie-content=\"PGlmcmFtZSBzcmM9Imh0dHBzOi8vcHJpdmFjeS5jb3J0aW5hLWNvbnN1bHQuY29tL3ByaXZhY3k\/aWQ9bURVSlF4ZVB0TEt0NTRWYUszUUombGFuZz1kZSZzY3JpcHQ9ZmFsc2UiIHN0eWxlPSJ3aWR0aDoxMDAlO2hlaWdodDoxMDAlO21pbi1oZWlnaHQ6IDYwMHB4OyI+PC9pZnJhbWU+\"><div class=\"brlbs-cmpnt-cb-preset-a\"> <p class=\"brlbs-cmpnt-cb-description\">Sie sehen gerade einen Platzhalterinhalt von <strong>Standard<\/strong>. Um auf den eigentlichen Inhalt zuzugreifen, klicken Sie auf den Button unten. Bitte beachten Sie, dass dabei Daten an Drittanbieter weitergegeben werden.<\/p> <div class=\"brlbs-cmpnt-cb-buttons\"> <a class=\"brlbs-cmpnt-cb-btn\" href=\"#\" data-borlabs-cookie-unblock role=\"button\">Inhalt entsperren<\/a> <a class=\"brlbs-cmpnt-cb-btn\" href=\"#\" data-borlabs-cookie-accept-service role=\"button\" style=\"display: none\">Erforderlichen Service akzeptieren und Inhalte entsperren<\/a> <\/div> <a class=\"brlbs-cmpnt-cb-provider-toggle\" href=\"#\" data-borlabs-cookie-show-provider-information role=\"button\">Weitere Informationen<\/a> <\/div><\/div><\/noscript>\t\t\t\t<\/div>\n\t\t\t\t<\/div>\n\t\t\t\t\t<\/div>\n\t\t\t\t<\/div>\n\t\t\t\t<\/div>\n\t\t","protected":false},"excerpt":{"rendered":"<p>Datenschutz Sie sehen gerade einen Platzhalterinhalt von Standard. Um auf den eigentlichen Inhalt zuzugreifen, klicken Sie auf den Button unten. Bitte beachten Sie, dass dabei Daten an Drittanbieter weitergegeben werden. Inhalt entsperren Erforderlichen Service akzeptieren und Inhalte entsperren Weitere Informationen<\/p>\n","protected":false},"author":2,"featured_media":0,"parent":0,"menu_order":0,"comment_status":"closed","ping_status":"closed","template":"","meta":{"footnotes":""},"folder":[11],"class_list":["post-1288","page","type-page","status-publish","hentry"],"yoast_head":"<!-- This site is optimized with the Yoast SEO plugin v27.2 - https:\/\/yoast.com\/product\/yoast-seo-wordpress\/ -->\n<title>Datenschutz - MOGENSEN<\/title>\n<meta name=\"description\" content=\"Erfahren Sie mehr \u00fcber den Datenschutz bei Mogensen und wie wir Ihre pers\u00f6nlichen Daten gem\u00e4\u00df den h\u00f6chsten Sicherheitsstandards sch\u00fctzen.\" \/>\n<meta name=\"robots\" content=\"index, follow, max-snippet:-1, max-image-preview:large, max-video-preview:-1\" \/>\n<link rel=\"canonical\" href=\"https:\/\/www.mogensen.com\/de\/datenschutz\/\" \/>\n<meta property=\"og:locale\" content=\"de_DE\" \/>\n<meta property=\"og:type\" content=\"article\" \/>\n<meta property=\"og:title\" content=\"Datenschutz - MOGENSEN\" \/>\n<meta property=\"og:description\" content=\"Erfahren Sie mehr \u00fcber den Datenschutz bei Mogensen und wie wir Ihre pers\u00f6nlichen Daten gem\u00e4\u00df den h\u00f6chsten Sicherheitsstandards sch\u00fctzen.\" \/>\n<meta property=\"og:url\" content=\"https:\/\/www.mogensen.com\/de\/datenschutz\/\" \/>\n<meta property=\"og:site_name\" content=\"MOGENSEN\" \/>\n<meta property=\"article:modified_time\" content=\"2025-03-03T11:52:49+00:00\" \/>\n<meta name=\"twitter:card\" content=\"summary_large_image\" \/>\n<meta name=\"twitter:label1\" content=\"Gesch\u00e4tzte Lesezeit\" \/>\n\t<meta name=\"twitter:data1\" content=\"1\u00a0Minute\" \/>\n<script type=\"application\/ld+json\" class=\"yoast-schema-graph\">{\"@context\":\"https:\/\/schema.org\",\"@graph\":[{\"@type\":\"WebPage\",\"@id\":\"https:\/\/www.mogensen.com\/de\/datenschutz\/\",\"url\":\"https:\/\/www.mogensen.com\/de\/datenschutz\/\",\"name\":\"Datenschutz - MOGENSEN\",\"isPartOf\":{\"@id\":\"https:\/\/www.mogensen.com\/de\/#website\"},\"datePublished\":\"2025-02-12T18:18:04+00:00\",\"dateModified\":\"2025-03-03T11:52:49+00:00\",\"description\":\"Erfahren Sie mehr \u00fcber den Datenschutz bei Mogensen und wie wir Ihre pers\u00f6nlichen Daten gem\u00e4\u00df den h\u00f6chsten Sicherheitsstandards sch\u00fctzen.\",\"breadcrumb\":{\"@id\":\"https:\/\/www.mogensen.com\/de\/datenschutz\/#breadcrumb\"},\"inLanguage\":\"de\",\"potentialAction\":[{\"@type\":\"ReadAction\",\"target\":[\"https:\/\/www.mogensen.com\/de\/datenschutz\/\"]}]},{\"@type\":\"BreadcrumbList\",\"@id\":\"https:\/\/www.mogensen.com\/de\/datenschutz\/#breadcrumb\",\"itemListElement\":[{\"@type\":\"ListItem\",\"position\":1,\"name\":\"Startseite\",\"item\":\"https:\/\/www.mogensen.com\/de\/\"},{\"@type\":\"ListItem\",\"position\":2,\"name\":\"Datenschutz\"}]},{\"@type\":\"WebSite\",\"@id\":\"https:\/\/www.mogensen.com\/de\/#website\",\"url\":\"https:\/\/www.mogensen.com\/de\/\",\"name\":\"MOGENSEN\",\"description\":\"Ihr Spezialist f\u00fcr innovative Sieb-, Sortier- und F\u00f6rdertechnik\",\"publisher\":{\"@id\":\"https:\/\/www.mogensen.com\/de\/#organization\"},\"potentialAction\":[{\"@type\":\"SearchAction\",\"target\":{\"@type\":\"EntryPoint\",\"urlTemplate\":\"https:\/\/www.mogensen.com\/de\/?s={search_term_string}\"},\"query-input\":{\"@type\":\"PropertyValueSpecification\",\"valueRequired\":true,\"valueName\":\"search_term_string\"}}],\"inLanguage\":\"de\"},{\"@type\":\"Organization\",\"@id\":\"https:\/\/www.mogensen.com\/de\/#organization\",\"name\":\"MOGENSEN\",\"url\":\"https:\/\/www.mogensen.com\/de\/\",\"logo\":{\"@type\":\"ImageObject\",\"inLanguage\":\"de\",\"@id\":\"https:\/\/www.mogensen.com\/de\/#\/schema\/logo\/image\/\",\"url\":\"https:\/\/www.mogensen.com\/wp-content\/uploads\/2025\/02\/MOGENSEN-Logo.png\",\"contentUrl\":\"https:\/\/www.mogensen.com\/wp-content\/uploads\/2025\/02\/MOGENSEN-Logo.png\",\"width\":12777,\"height\":1183,\"caption\":\"MOGENSEN\"},\"image\":{\"@id\":\"https:\/\/www.mogensen.com\/de\/#\/schema\/logo\/image\/\"},\"sameAs\":[\"https:\/\/www.linkedin.com\/company\/mogensen-germany\/\",\"https:\/\/www.linkedin.com\/company\/mogensen-spain\/\",\"https:\/\/www.linkedin.com\/company\/fredrik-mogensen-ab\/\"]}]}<\/script>\n<!-- \/ Yoast SEO plugin. -->","yoast_head_json":{"title":"Datenschutz - MOGENSEN","description":"Erfahren Sie mehr \u00fcber den Datenschutz bei Mogensen und wie wir Ihre pers\u00f6nlichen Daten gem\u00e4\u00df den h\u00f6chsten Sicherheitsstandards sch\u00fctzen.","robots":{"index":"index","follow":"follow","max-snippet":"max-snippet:-1","max-image-preview":"max-image-preview:large","max-video-preview":"max-video-preview:-1"},"canonical":"https:\/\/www.mogensen.com\/de\/datenschutz\/","og_locale":"de_DE","og_type":"article","og_title":"Datenschutz - MOGENSEN","og_description":"Erfahren Sie mehr \u00fcber den Datenschutz bei Mogensen und wie wir Ihre pers\u00f6nlichen Daten gem\u00e4\u00df den h\u00f6chsten Sicherheitsstandards sch\u00fctzen.","og_url":"https:\/\/www.mogensen.com\/de\/datenschutz\/","og_site_name":"MOGENSEN","article_modified_time":"2025-03-03T11:52:49+00:00","twitter_card":"summary_large_image","twitter_misc":{"Gesch\u00e4tzte Lesezeit":"1\u00a0Minute"},"schema":{"@context":"https:\/\/schema.org","@graph":[{"@type":"WebPage","@id":"https:\/\/www.mogensen.com\/de\/datenschutz\/","url":"https:\/\/www.mogensen.com\/de\/datenschutz\/","name":"Datenschutz - MOGENSEN","isPartOf":{"@id":"https:\/\/www.mogensen.com\/de\/#website"},"datePublished":"2025-02-12T18:18:04+00:00","dateModified":"2025-03-03T11:52:49+00:00","description":"Erfahren Sie mehr \u00fcber den Datenschutz bei Mogensen und wie wir Ihre pers\u00f6nlichen Daten gem\u00e4\u00df den h\u00f6chsten Sicherheitsstandards sch\u00fctzen.","breadcrumb":{"@id":"https:\/\/www.mogensen.com\/de\/datenschutz\/#breadcrumb"},"inLanguage":"de","potentialAction":[{"@type":"ReadAction","target":["https:\/\/www.mogensen.com\/de\/datenschutz\/"]}]},{"@type":"BreadcrumbList","@id":"https:\/\/www.mogensen.com\/de\/datenschutz\/#breadcrumb","itemListElement":[{"@type":"ListItem","position":1,"name":"Startseite","item":"https:\/\/www.mogensen.com\/de\/"},{"@type":"ListItem","position":2,"name":"Datenschutz"}]},{"@type":"WebSite","@id":"https:\/\/www.mogensen.com\/de\/#website","url":"https:\/\/www.mogensen.com\/de\/","name":"MOGENSEN","description":"Ihr Spezialist f\u00fcr innovative Sieb-, Sortier- und F\u00f6rdertechnik","publisher":{"@id":"https:\/\/www.mogensen.com\/de\/#organization"},"potentialAction":[{"@type":"SearchAction","target":{"@type":"EntryPoint","urlTemplate":"https:\/\/www.mogensen.com\/de\/?s={search_term_string}"},"query-input":{"@type":"PropertyValueSpecification","valueRequired":true,"valueName":"search_term_string"}}],"inLanguage":"de"},{"@type":"Organization","@id":"https:\/\/www.mogensen.com\/de\/#organization","name":"MOGENSEN","url":"https:\/\/www.mogensen.com\/de\/","logo":{"@type":"ImageObject","inLanguage":"de","@id":"https:\/\/www.mogensen.com\/de\/#\/schema\/logo\/image\/","url":"https:\/\/www.mogensen.com\/wp-content\/uploads\/2025\/02\/MOGENSEN-Logo.png","contentUrl":"https:\/\/www.mogensen.com\/wp-content\/uploads\/2025\/02\/MOGENSEN-Logo.png","width":12777,"height":1183,"caption":"MOGENSEN"},"image":{"@id":"https:\/\/www.mogensen.com\/de\/#\/schema\/logo\/image\/"},"sameAs":["https:\/\/www.linkedin.com\/company\/mogensen-germany\/","https:\/\/www.linkedin.com\/company\/mogensen-spain\/","https:\/\/www.linkedin.com\/company\/fredrik-mogensen-ab\/"]}]}},"_links":{"self":[{"href":"https:\/\/www.mogensen.com\/de\/wp-json\/wp\/v2\/pages\/1288","targetHints":{"allow":["GET"]}}],"collection":[{"href":"https:\/\/www.mogensen.com\/de\/wp-json\/wp\/v2\/pages"}],"about":[{"href":"https:\/\/www.mogensen.com\/de\/wp-json\/wp\/v2\/types\/page"}],"author":[{"embeddable":true,"href":"https:\/\/www.mogensen.com\/de\/wp-json\/wp\/v2\/users\/2"}],"replies":[{"embeddable":true,"href":"https:\/\/www.mogensen.com\/de\/wp-json\/wp\/v2\/comments?post=1288"}],"version-history":[{"count":0,"href":"https:\/\/www.mogensen.com\/de\/wp-json\/wp\/v2\/pages\/1288\/revisions"}],"wp:attachment":[{"href":"https:\/\/www.mogensen.com\/de\/wp-json\/wp\/v2\/media?parent=1288"}],"wp:term":[{"taxonomy":"folder","embeddable":true,"href":"https:\/\/www.mogensen.com\/de\/wp-json\/wp\/v2\/folder?post=1288"}],"curies":[{"name":"wp","href":"https:\/\/api.w.org\/{rel}","templated":true}]}}